{"id":23313,"date":"2025-03-09T09:35:31","date_gmt":"2025-03-09T08:35:31","guid":{"rendered":"https:\/\/dynatime.ch\/?post_type=product&#038;p=23313"},"modified":"2025-03-09T09:35:31","modified_gmt":"2025-03-09T08:35:31","slug":"capteurs-lineaires","status":"publish","type":"product","link":"https:\/\/dynatime.ch\/de\/produkt\/capteurs-lineaires\/","title":{"rendered":"Lineare Sensoren"},"content":{"rendered":"","protected":false},"excerpt":{"rendered":"<p>Andigs Kunststoffspur- oder Induktivpotentiometer erm\u00f6glichen Messungen \u00fcber einen Hub von 8 mm bis 1250 mm. Sie bieten eine ausgezeichnete Linearit\u00e4t und eine lange Lebensdauer.<\/p>","protected":false},"featured_media":23312,"comment_status":"open","ping_status":"closed","template":"","meta":{"_acf_changed":false},"product_brand":[],"product_cat":[76,74],"product_tag":[],"class_list":{"0":"post-23313","1":"product","2":"type-product","3":"status-publish","4":"has-post-thumbnail","6":"product_cat-lineaires","7":"product_cat-potentiometres","9":"first","10":"instock","11":"shipping-taxable","12":"product-type-simple"},"acf":[],"_links":{"self":[{"href":"https:\/\/dynatime.ch\/de\/wp-json\/wp\/v2\/product\/23313","targetHints":{"allow":["GET"]}}],"collection":[{"href":"https:\/\/dynatime.ch\/de\/wp-json\/wp\/v2\/product"}],"about":[{"href":"https:\/\/dynatime.ch\/de\/wp-json\/wp\/v2\/types\/product"}],"replies":[{"embeddable":true,"href":"https:\/\/dynatime.ch\/de\/wp-json\/wp\/v2\/comments?post=23313"}],"wp:featuredmedia":[{"embeddable":true,"href":"https:\/\/dynatime.ch\/de\/wp-json\/wp\/v2\/media\/23312"}],"wp:attachment":[{"href":"https:\/\/dynatime.ch\/de\/wp-json\/wp\/v2\/media?parent=23313"}],"wp:term":[{"taxonomy":"product_brand","embeddable":true,"href":"https:\/\/dynatime.ch\/de\/wp-json\/wp\/v2\/product_brand?post=23313"},{"taxonomy":"product_cat","embeddable":true,"href":"https:\/\/dynatime.ch\/de\/wp-json\/wp\/v2\/product_cat?post=23313"},{"taxonomy":"product_tag","embeddable":true,"href":"https:\/\/dynatime.ch\/de\/wp-json\/wp\/v2\/product_tag?post=23313"}],"curies":[{"name":"wp","href":"https:\/\/api.w.org\/{rel}","templated":true}]}}