{"id":23296,"date":"2025-03-09T09:18:22","date_gmt":"2025-03-09T08:18:22","guid":{"rendered":"https:\/\/dynatime.ch\/?post_type=product&#038;p=23296"},"modified":"2025-03-09T09:18:22","modified_gmt":"2025-03-09T08:18:22","slug":"tg2460h","status":"publish","type":"product","link":"https:\/\/dynatime.ch\/de\/produkt\/tg2460h\/","title":{"rendered":"TG2460H"},"content":{"rendered":"<ul>\n<li>Gestell aus Metall (Zink-Aluminium-Legierung)<\/li>\n<li>Hohe Druckqualit\u00e4t bei 200 dpi<\/li>\n<li>Papierbreite 60 mm<\/li>\n<li>Papierdicke: 60 bis 80 \u03bcm<\/li>\n<li>Geschwindigkeit &gt; 140 mm\/sec<\/li>\n<li>RS232- und USB-Schnittstelle<\/li>\n<li>Barcodes: UPC-A, UPC-E, EAN13, EAN8, CODE39, ITF, CODABAR, CODE93, CODE128, CODE32, QRCODE<\/li>\n<li>Schriftarten: Europ\u00e4isch, International, Thail\u00e4ndisch, Portugiesisch, Nordisch, Chinesisch und Russisch Hochleistungsschneider: \u00fcber 1.000.000 Schnitte<\/li>\n<li>Sensoren: Kopftemperatur, Papiervorrat, Papierstau, Banknotenentnahme, Papierende, Papier fast fertig (optional)<\/li>\n<\/ul>\n<table class=\"product-features-table\">\n<tbody>\n<tr>\n<td>Druckmethode<\/td>\n<td>Thermik mit festem Kopf<\/td>\n<\/tr>\n<tr>\n<td>Aufl\u00f6sung<\/td>\n<td>203 dpi<\/td>\n<\/tr>\n<tr>\n<td>Papiergewicht<\/td>\n<td>von 55 bis 70 g\/m\u00b2<\/td>\n<\/tr>\n<tr>\n<td>Schnittstellen<\/td>\n<td>RS232 + USB<\/td>\n<\/tr>\n<\/tbody>\n<\/table>","protected":false},"excerpt":{"rendered":"<p>Quittungs-\/ Geldscheindrucker 60mm<\/p>","protected":false},"featured_media":23298,"comment_status":"open","ping_status":"closed","template":"","meta":{"_acf_changed":false},"product_brand":[],"product_cat":[81,85],"product_tag":[],"class_list":{"0":"post-23296","1":"product","2":"type-product","3":"status-publish","4":"has-post-thumbnail","6":"product_cat-imprimantes","7":"product_cat-imprimantes-pour-bornes","9":"first","10":"instock","11":"shipping-taxable","12":"product-type-simple"},"acf":[],"_links":{"self":[{"href":"https:\/\/dynatime.ch\/de\/wp-json\/wp\/v2\/product\/23296","targetHints":{"allow":["GET"]}}],"collection":[{"href":"https:\/\/dynatime.ch\/de\/wp-json\/wp\/v2\/product"}],"about":[{"href":"https:\/\/dynatime.ch\/de\/wp-json\/wp\/v2\/types\/product"}],"replies":[{"embeddable":true,"href":"https:\/\/dynatime.ch\/de\/wp-json\/wp\/v2\/comments?post=23296"}],"wp:featuredmedia":[{"embeddable":true,"href":"https:\/\/dynatime.ch\/de\/wp-json\/wp\/v2\/media\/23298"}],"wp:attachment":[{"href":"https:\/\/dynatime.ch\/de\/wp-json\/wp\/v2\/media?parent=23296"}],"wp:term":[{"taxonomy":"product_brand","embeddable":true,"href":"https:\/\/dynatime.ch\/de\/wp-json\/wp\/v2\/product_brand?post=23296"},{"taxonomy":"product_cat","embeddable":true,"href":"https:\/\/dynatime.ch\/de\/wp-json\/wp\/v2\/product_cat?post=23296"},{"taxonomy":"product_tag","embeddable":true,"href":"https:\/\/dynatime.ch\/de\/wp-json\/wp\/v2\/product_tag?post=23296"}],"curies":[{"name":"wp","href":"https:\/\/api.w.org\/{rel}","templated":true}]}}