{"id":23294,"date":"2025-03-09T09:15:04","date_gmt":"2025-03-09T08:15:04","guid":{"rendered":"https:\/\/dynatime.ch\/?post_type=product&#038;p=23294"},"modified":"2025-03-09T09:15:20","modified_gmt":"2025-03-09T08:15:20","slug":"plus4","status":"publish","type":"product","link":"https:\/\/dynatime.ch\/de\/produkt\/plus4\/","title":{"rendered":"PLUS4"},"content":{"rendered":"<p>PLUS4 verf\u00fcgt \u00fcber einzigartige Eigenschaften in seiner Klasse: Er hat einen internen Flash-Speicher, der Schriftarten und Logos bis zu einer Gr\u00f6\u00dfe von 4 MB speichern kann! Er ist bereits mit den europ\u00e4ischen, internationalen, portugiesischen, nordischen, chinesischen (GB18030) und kyrillischen Schriftarten ausgestattet. Er kann alle g\u00e4ngigen Barcodes und 2D-Barcodes wie den QRCODE drucken. Der halbtransparente Deckel sch\u00fctzt den Papiersensor vor Fremdlicht und erm\u00f6glicht die Sicht auf die Papierrolle, um zu verhindern, dass diese aufgebraucht wird. Die Papierkassette wird einfach \u00fcber die zentrale, gr\u00fcn gef\u00e4rbte Taste ge\u00f6ffnet. Das Modul mit serieller und paralleler Schnittstelle ist optional erh\u00e4ltlich. E' ist in grauer Farbe und auf Wunsch auch in wei\u00dfer Farbe erh\u00e4ltlich, um sich noch besser an die Ausstattung im medizinischen Bereich anzupassen.<\/p>\n<table class=\"product-features-table\">\n<tbody>\n<tr>\n<td>Druckmethode<\/td>\n<td>Thermisch<\/td>\n<\/tr>\n<tr>\n<td>Aufl\u00f6sung<\/td>\n<td>204 dpi<\/td>\n<\/tr>\n<tr>\n<td>Schnittstellen<\/td>\n<td>RS232\/TTL, miniUSB<\/td>\n<\/tr>\n<tr>\n<td>Papiergewicht<\/td>\n<td>60 g\/m\u00b2<\/td>\n<\/tr>\n<\/tbody>\n<\/table>","protected":false},"excerpt":{"rendered":"<p><strong>Drucker Panel 4\u2033<\/strong><\/p>\n<p>PLUS4 stellt den ersten von Custom hergestellten Panel-Thermodrucker dar, der Papier mit einer Breite von 4 - 112 mm bedrucken kann. Die verstellbaren internen F\u00fchrungen bieten die M\u00f6glichkeit, auch 80 mm und 82,5 mm breite Papierformate zu verarbeiten.<\/p>","protected":false},"featured_media":23246,"comment_status":"open","ping_status":"closed","template":"","meta":{"_acf_changed":false},"product_brand":[],"product_cat":[81,83],"product_tag":[],"class_list":{"0":"post-23294","1":"product","2":"type-product","3":"status-publish","4":"has-post-thumbnail","6":"product_cat-imprimantes","7":"product_cat-industrielles","9":"first","10":"instock","11":"shipping-taxable","12":"product-type-simple"},"acf":[],"_links":{"self":[{"href":"https:\/\/dynatime.ch\/de\/wp-json\/wp\/v2\/product\/23294","targetHints":{"allow":["GET"]}}],"collection":[{"href":"https:\/\/dynatime.ch\/de\/wp-json\/wp\/v2\/product"}],"about":[{"href":"https:\/\/dynatime.ch\/de\/wp-json\/wp\/v2\/types\/product"}],"replies":[{"embeddable":true,"href":"https:\/\/dynatime.ch\/de\/wp-json\/wp\/v2\/comments?post=23294"}],"wp:featuredmedia":[{"embeddable":true,"href":"https:\/\/dynatime.ch\/de\/wp-json\/wp\/v2\/media\/23246"}],"wp:attachment":[{"href":"https:\/\/dynatime.ch\/de\/wp-json\/wp\/v2\/media?parent=23294"}],"wp:term":[{"taxonomy":"product_brand","embeddable":true,"href":"https:\/\/dynatime.ch\/de\/wp-json\/wp\/v2\/product_brand?post=23294"},{"taxonomy":"product_cat","embeddable":true,"href":"https:\/\/dynatime.ch\/de\/wp-json\/wp\/v2\/product_cat?post=23294"},{"taxonomy":"product_tag","embeddable":true,"href":"https:\/\/dynatime.ch\/de\/wp-json\/wp\/v2\/product_tag?post=23294"}],"curies":[{"name":"wp","href":"https:\/\/api.w.org\/{rel}","templated":true}]}}