{"id":23293,"date":"2025-03-09T09:13:52","date_gmt":"2025-03-09T08:13:52","guid":{"rendered":"https:\/\/dynatime.ch\/?post_type=product&#038;p=23293"},"modified":"2025-03-09T09:13:52","modified_gmt":"2025-03-09T08:13:52","slug":"my%c2%b3-a","status":"publish","type":"product","link":"https:\/\/dynatime.ch\/de\/produkt\/my%c2%b3-a\/","title":{"rendered":"MY\u00b3 A"},"content":{"rendered":"<p>Er unterst\u00fctzt 4 erweiterbare Logos (576\u00d7460 Punkte) und druckt die g\u00e4ngigsten 1D-Barcodes sowie die 2D-Barcodes PDF417, Datamatrix. Selbstinstallierende Treiber: Windows XP, Vista, 7, 8, 10(+64bit Unterst\u00fctzung), Linux(32\/64 bit), Android, iOS und Windows Phone. Unterst\u00fctzte Profile sind SPP (Serial Port Profile), \u00fcber die eine serielle RS232-Verbindung emuliert werden kann.<\/p>\n<table class=\"product-features-table\">\n<tbody>\n<tr>\n<td>Druckmethode<\/td>\n<td>Thermodruck<\/td>\n<\/tr>\n<tr>\n<td>Aufl\u00f6sung<\/td>\n<td>203 dpi<\/td>\n<\/tr>\n<tr>\n<td>Papiergewicht<\/td>\n<td>von 55 bis 100 g\/m\u00b2<\/td>\n<\/tr>\n<tr>\n<td>Schnittstellen<\/td>\n<td>MY3: USB 2.0, Bluetooth 2.0 \/ MY3-A: USB 2.0, Bluetooth 3.0<\/td>\n<\/tr>\n<\/tbody>\n<\/table>","protected":false},"excerpt":{"rendered":"<p><strong>Tragbarer Drucker f\u00fcr den professionellen Gebrauch<\/strong><\/p>\n<p>MY\u00b3 A ist ein tragbarer Drucker, der von Custom f\u00fcr den professionellen Einsatz entwickelt wurde. MY\u00b3 A druckt auf Papier mit einer Breite von 76,2 mm und einer St\u00e4rke von bis zu 100 g\/2 bei einer Druckgeschwindigkeit von bis zu 80 mm\/s. Er ist mit Sensoren f\u00fcr Papierende und Temperatur ausgestattet.<\/p>","protected":false},"featured_media":23245,"comment_status":"open","ping_status":"closed","template":"","meta":{"_acf_changed":false},"product_brand":[],"product_cat":[81,84],"product_tag":[],"class_list":{"0":"post-23293","1":"product","2":"type-product","3":"status-publish","4":"has-post-thumbnail","6":"product_cat-imprimantes","7":"product_cat-portables","9":"first","10":"instock","11":"shipping-taxable","12":"product-type-simple"},"acf":[],"_links":{"self":[{"href":"https:\/\/dynatime.ch\/de\/wp-json\/wp\/v2\/product\/23293","targetHints":{"allow":["GET"]}}],"collection":[{"href":"https:\/\/dynatime.ch\/de\/wp-json\/wp\/v2\/product"}],"about":[{"href":"https:\/\/dynatime.ch\/de\/wp-json\/wp\/v2\/types\/product"}],"replies":[{"embeddable":true,"href":"https:\/\/dynatime.ch\/de\/wp-json\/wp\/v2\/comments?post=23293"}],"wp:featuredmedia":[{"embeddable":true,"href":"https:\/\/dynatime.ch\/de\/wp-json\/wp\/v2\/media\/23245"}],"wp:attachment":[{"href":"https:\/\/dynatime.ch\/de\/wp-json\/wp\/v2\/media?parent=23293"}],"wp:term":[{"taxonomy":"product_brand","embeddable":true,"href":"https:\/\/dynatime.ch\/de\/wp-json\/wp\/v2\/product_brand?post=23293"},{"taxonomy":"product_cat","embeddable":true,"href":"https:\/\/dynatime.ch\/de\/wp-json\/wp\/v2\/product_cat?post=23293"},{"taxonomy":"product_tag","embeddable":true,"href":"https:\/\/dynatime.ch\/de\/wp-json\/wp\/v2\/product_tag?post=23293"}],"curies":[{"name":"wp","href":"https:\/\/api.w.org\/{rel}","templated":true}]}}