{"id":23292,"date":"2025-03-09T09:12:26","date_gmt":"2025-03-09T08:12:26","guid":{"rendered":"https:\/\/dynatime.ch\/?post_type=product&#038;p=23292"},"modified":"2025-03-09T09:12:27","modified_gmt":"2025-03-09T08:12:27","slug":"my-printer","status":"publish","type":"product","link":"https:\/\/dynatime.ch\/de\/produkt\/my-printer\/","title":{"rendered":"MY PRINTER"},"content":{"rendered":"<p>Der Drucker verf\u00fcgt \u00fcber einen Endlospapiersensor, unterst\u00fctzt ein erweiterbares Kundenlogo und kann die g\u00e4ngigsten Barcodes drucken. Selbstinstallierende Treiber: Windows XP, Vista 7 (+64bit unterst\u00fctzt), Linux C.U.P.S. (32\/64bit), Android, iOS. Dank der Bluetooth\u00a9-Technologie druckt My Printer A von Apple-, Android- und Windows Phone 8-Telefonen aus. Praktischer G\u00fcrtelhaken, Akkuladeger\u00e4t und USB-Kabel in der Verpackung enthalten.<\/p>\n<table class=\"product-features-table\">\n<tbody>\n<tr>\n<td>Druckmethode<\/td>\n<td>Thermodruck<\/td>\n<\/tr>\n<tr>\n<td>Aufl\u00f6sung<\/td>\n<td>204 dpi<\/td>\n<\/tr>\n<tr>\n<td>Papiergewicht<\/td>\n<td>von 55 bis 60 g\/m\u00b2<\/td>\n<\/tr>\n<tr>\n<td>Schnittstellen<\/td>\n<td>USB + Bluetooth oder optional RS232 mit einem speziellen Kabel<\/td>\n<\/tr>\n<\/tbody>\n<\/table>","protected":false},"excerpt":{"rendered":"<p><strong>Tragbarer Hightech-Minidrucker<\/strong><\/p>\n<p>My Printer A ist ein tragbarer Hightech-Minidrucker. \u00c8 Ultraleicht und kompakt mit einer gro\u00dfen Papierrolle (30 mm Durchmesser). Lange Druckdauer dank 5 Batterien: ca. 10 m bedrucktes Papier! USB-Schnittstelle oder optional RS232-Schnittstelle mit einem speziellen Kabel.<\/p>","protected":false},"featured_media":23244,"comment_status":"open","ping_status":"closed","template":"","meta":{"_acf_changed":false},"product_brand":[],"product_cat":[81,84],"product_tag":[],"class_list":{"0":"post-23292","1":"product","2":"type-product","3":"status-publish","4":"has-post-thumbnail","6":"product_cat-imprimantes","7":"product_cat-portables","9":"first","10":"instock","11":"shipping-taxable","12":"product-type-simple"},"acf":[],"_links":{"self":[{"href":"https:\/\/dynatime.ch\/de\/wp-json\/wp\/v2\/product\/23292","targetHints":{"allow":["GET"]}}],"collection":[{"href":"https:\/\/dynatime.ch\/de\/wp-json\/wp\/v2\/product"}],"about":[{"href":"https:\/\/dynatime.ch\/de\/wp-json\/wp\/v2\/types\/product"}],"replies":[{"embeddable":true,"href":"https:\/\/dynatime.ch\/de\/wp-json\/wp\/v2\/comments?post=23292"}],"wp:featuredmedia":[{"embeddable":true,"href":"https:\/\/dynatime.ch\/de\/wp-json\/wp\/v2\/media\/23244"}],"wp:attachment":[{"href":"https:\/\/dynatime.ch\/de\/wp-json\/wp\/v2\/media?parent=23292"}],"wp:term":[{"taxonomy":"product_brand","embeddable":true,"href":"https:\/\/dynatime.ch\/de\/wp-json\/wp\/v2\/product_brand?post=23292"},{"taxonomy":"product_cat","embeddable":true,"href":"https:\/\/dynatime.ch\/de\/wp-json\/wp\/v2\/product_cat?post=23292"},{"taxonomy":"product_tag","embeddable":true,"href":"https:\/\/dynatime.ch\/de\/wp-json\/wp\/v2\/product_tag?post=23292"}],"curies":[{"name":"wp","href":"https:\/\/api.w.org\/{rel}","templated":true}]}}