{"id":23241,"date":"2025-03-09T07:58:58","date_gmt":"2025-03-09T06:58:58","guid":{"rendered":"https:\/\/dynatime.ch\/?post_type=product&#038;p=23241"},"modified":"2025-03-09T09:06:55","modified_gmt":"2025-03-09T08:06:55","slug":"kube-ii","status":"publish","type":"product","link":"https:\/\/dynatime.ch\/de\/produkt\/kube-ii\/","title":{"rendered":"KUBE II"},"content":{"rendered":"<p>KUBE II ist leistungsstark und sehr schnell: Er bedruckt 80\/82,5 mm breite Kassenbons in au\u00dfergew\u00f6hnlicher Druckqualit\u00e4t und mit der M\u00f6glichkeit, Schrift und Grafiken in alle Richtungen auszurichten. Die gro\u00dfformatige Papierrolle mit einem Durchmesser von 90 mm erm\u00f6glicht eine lange Druckdauer. KUBE II zeichnet sich durch einzigartige Leistung, Robustheit und Zuverl\u00e4ssigkeit aus: Er ist mit einem langlebigen (200 km bedrucktes Papier), qualitativ hochwertigen Druckkopf und dem neuen Cutter f\u00fcr den automatischen Kassenbonschnitt ausgestattet, der h\u00f6chste Funktionalit\u00e4t bei \u00fcber 2 Mio. Schnitten garantiert. KUBE II druckt Logos und grafische Coupons in hoher Aufl\u00f6sung. Die Seitenw\u00e4nde in verschiedenen Farben (rot, silber und beige) sind als Zubeh\u00f6r erh\u00e4ltlich. KUBE II ist mit USB- und serieller RS232- oder Ethernet-Schnittstelle erh\u00e4ltlich, inklusive Treiber zur Steuerung der Kassenschublade.<\/p>\n<table class=\"product-features-table\">\n<tbody>\n<tr>\n<td>Druckmethode<\/td>\n<td>Thermisch<\/td>\n<\/tr>\n<tr>\n<td>Aufl\u00f6sung<\/td>\n<td>203 dpi<\/td>\n<\/tr>\n<tr>\n<td>Papiergewicht<\/td>\n<td>von 58 bis 90 g\/m\u00b2<\/td>\n<\/tr>\n<tr>\n<td>Schnittstellen<\/td>\n<td>Full Speed USB 1.1 + Serial RS232<\/td>\n<\/tr>\n<\/tbody>\n<\/table>","protected":false},"excerpt":{"rendered":"<div class=\"elementor-element elementor-element-7a78dfc elementor-widget elementor-widget-woocommerce-product-short-description\" data-id=\"7a78dfc\" data-element_type=\"widget\" data-widget_type=\"woocommerce-product-short-description.default\">\n<div class=\"elementor-widget-container\">\n<div class=\"woocommerce-product-details__short-description\">\n<p><strong>Ideal f\u00fcr den Einzelhandel und den Hospitality-Markt<\/strong><\/p>\n<\/div>\n<\/div>\n<\/div>\n<div class=\"elementor-element elementor-element-16104d8 elementor-widget elementor-widget-woocommerce-product-content\" data-id=\"16104d8\" data-element_type=\"widget\" data-widget_type=\"woocommerce-product-content.default\">\n<div class=\"elementor-widget-container\">\n<p>KUBE II POS-Thermodrucker ist ideal f\u00fcr den Einzelhandel und den Gastgewerbemarkt. Er ist die perfekte L\u00f6sung am Point of Sale dank seines kompakten und attraktiven Designs, seiner Robustheit und der M\u00f6glichkeit, ihn sowohl vertikal als auch horizontal zu montieren.<\/p>\n<\/div>\n<\/div>","protected":false},"featured_media":23242,"comment_status":"open","ping_status":"closed","template":"","meta":{"_acf_changed":false},"product_brand":[],"product_cat":[81,82],"product_tag":[],"class_list":{"0":"post-23241","1":"product","2":"type-product","3":"status-publish","4":"has-post-thumbnail","6":"product_cat-imprimantes","7":"product_cat-pos","9":"first","10":"instock","11":"shipping-taxable","12":"product-type-simple"},"acf":[],"_links":{"self":[{"href":"https:\/\/dynatime.ch\/de\/wp-json\/wp\/v2\/product\/23241","targetHints":{"allow":["GET"]}}],"collection":[{"href":"https:\/\/dynatime.ch\/de\/wp-json\/wp\/v2\/product"}],"about":[{"href":"https:\/\/dynatime.ch\/de\/wp-json\/wp\/v2\/types\/product"}],"replies":[{"embeddable":true,"href":"https:\/\/dynatime.ch\/de\/wp-json\/wp\/v2\/comments?post=23241"}],"wp:featuredmedia":[{"embeddable":true,"href":"https:\/\/dynatime.ch\/de\/wp-json\/wp\/v2\/media\/23242"}],"wp:attachment":[{"href":"https:\/\/dynatime.ch\/de\/wp-json\/wp\/v2\/media?parent=23241"}],"wp:term":[{"taxonomy":"product_brand","embeddable":true,"href":"https:\/\/dynatime.ch\/de\/wp-json\/wp\/v2\/product_brand?post=23241"},{"taxonomy":"product_cat","embeddable":true,"href":"https:\/\/dynatime.ch\/de\/wp-json\/wp\/v2\/product_cat?post=23241"},{"taxonomy":"product_tag","embeddable":true,"href":"https:\/\/dynatime.ch\/de\/wp-json\/wp\/v2\/product_tag?post=23241"}],"curies":[{"name":"wp","href":"https:\/\/api.w.org\/{rel}","templated":true}]}}