{"id":22636,"date":"2025-01-21T18:20:17","date_gmt":"2025-01-21T17:20:17","guid":{"rendered":"https:\/\/dynatime.ch\/?post_type=product&#038;p=22636"},"modified":"2025-03-08T16:47:40","modified_gmt":"2025-03-08T15:47:40","slug":"das220-10-voies","status":"publish","type":"product","link":"https:\/\/dynatime.ch\/de\/produkt\/das220-10-voies\/","title":{"rendered":"DAS220 - 10 Wege"},"content":{"rendered":"<p>Der DAS220 Schreiber ist vielseitig einsetzbar und erf\u00fcllt alle Prozessanwendungen:<\/p>\n<ul>\n<li>Mehrkanalige Temperatur\u00fcberwachung<\/li>\n<li>Messungen an 0-10V-Sensoren<\/li>\n<li>Messung der Spannung<\/li>\n<li>Z\u00e4hlen von Impulsen<\/li>\n<li>4-20mA-Messung (mit externem Shunt)<\/li>\n<\/ul>","protected":false},"excerpt":{"rendered":"<p>Der tragbare Datenlogger DAS220 wurde entwickelt, um allen Prozessanwendungen gerecht zu werden: Spannungsmessungen, Messungen an Sensoren (0-10v), Temperaturmessungen (Thermoelement, Pt100-Pt1000), Strommessungen (mit optionalem Adapter), Widerstandsmessungen, Z\u00e4hlungen, Frequenzmessungen. Sie k\u00f6nnen Ihre Messungen visualisieren (Kurven, numerische Werte) und Ihre Erfassungen direkt im internen Speicher des Ger\u00e4ts oder auf einem USB-Stick durchf\u00fchren. Die \u00dcbertragung und Auswertung der Daten erfolgt dann mithilfe der mitgelieferten DasLab-Software auf einen PC.<\/p>","protected":false},"featured_media":23197,"comment_status":"closed","ping_status":"closed","template":"","meta":{"_acf_changed":false},"product_brand":[],"product_cat":[72,69],"product_tag":[],"class_list":{"0":"post-22636","1":"product","2":"type-product","3":"status-publish","4":"has-post-thumbnail","6":"product_cat-acquisition-de-donnees","7":"product_cat-calibration","9":"first","10":"instock","11":"shipping-taxable","12":"product-type-simple"},"acf":[],"_links":{"self":[{"href":"https:\/\/dynatime.ch\/de\/wp-json\/wp\/v2\/product\/22636","targetHints":{"allow":["GET"]}}],"collection":[{"href":"https:\/\/dynatime.ch\/de\/wp-json\/wp\/v2\/product"}],"about":[{"href":"https:\/\/dynatime.ch\/de\/wp-json\/wp\/v2\/types\/product"}],"replies":[{"embeddable":true,"href":"https:\/\/dynatime.ch\/de\/wp-json\/wp\/v2\/comments?post=22636"}],"wp:featuredmedia":[{"embeddable":true,"href":"https:\/\/dynatime.ch\/de\/wp-json\/wp\/v2\/media\/23197"}],"wp:attachment":[{"href":"https:\/\/dynatime.ch\/de\/wp-json\/wp\/v2\/media?parent=22636"}],"wp:term":[{"taxonomy":"product_brand","embeddable":true,"href":"https:\/\/dynatime.ch\/de\/wp-json\/wp\/v2\/product_brand?post=22636"},{"taxonomy":"product_cat","embeddable":true,"href":"https:\/\/dynatime.ch\/de\/wp-json\/wp\/v2\/product_cat?post=22636"},{"taxonomy":"product_tag","embeddable":true,"href":"https:\/\/dynatime.ch\/de\/wp-json\/wp\/v2\/product_tag?post=22636"}],"curies":[{"name":"wp","href":"https:\/\/api.w.org\/{rel}","templated":true}]}}