{"id":22634,"date":"2025-01-21T18:20:17","date_gmt":"2025-01-21T17:20:17","guid":{"rendered":"https:\/\/dynatime.ch\/?post_type=product&#038;p=22634"},"modified":"2025-03-08T16:36:24","modified_gmt":"2025-03-08T15:36:24","slug":"te-7000","status":"publish","type":"product","link":"https:\/\/dynatime.ch\/de\/produkt\/te-7000\/","title":{"rendered":"TE 7000"},"content":{"rendered":"<p>Das kompakte und leicht zu bedienende Ger\u00e4t l\u00f6st das Problem, hochpr\u00e4zise Temperaturmessungen durchzuf\u00fchren, ohne bulky handpowered Instrumentation zu verwenden. Das Ger\u00e4t wird von internen, langlebigen, wiederaufladbaren Batterien oder einem externen Netzteil angetrieben und ist im Labor, in der Werkstatt oder im Feld gleicherma\u00dfen n\u00fctzlich. Es kann auch als externe Temperaturreferenz f\u00fcr Trockenblocks und andere Pr\u00e4zisions-Temperaturschr\u00e4nke verwendet werden.<\/p>","protected":false},"excerpt":{"rendered":"<p>Der 7000 ist ein tragbares Prozesssteuerungsinstrument, das ein pr\u00e4zises digitales Thermometer (unter Verwendung von RTD-Proben) mit einem RTD\/Ohm-Kalibrator kombiniert.<\/p>","protected":false},"featured_media":23196,"comment_status":"closed","ping_status":"closed","template":"","meta":{"_acf_changed":false},"product_brand":[],"product_cat":[71,69],"product_tag":[],"class_list":{"0":"post-22634","1":"product","2":"type-product","3":"status-publish","4":"has-post-thumbnail","6":"product_cat-calibrateurs","7":"product_cat-calibration","9":"first","10":"instock","11":"shipping-taxable","12":"product-type-simple"},"acf":[],"_links":{"self":[{"href":"https:\/\/dynatime.ch\/de\/wp-json\/wp\/v2\/product\/22634","targetHints":{"allow":["GET"]}}],"collection":[{"href":"https:\/\/dynatime.ch\/de\/wp-json\/wp\/v2\/product"}],"about":[{"href":"https:\/\/dynatime.ch\/de\/wp-json\/wp\/v2\/types\/product"}],"replies":[{"embeddable":true,"href":"https:\/\/dynatime.ch\/de\/wp-json\/wp\/v2\/comments?post=22634"}],"wp:featuredmedia":[{"embeddable":true,"href":"https:\/\/dynatime.ch\/de\/wp-json\/wp\/v2\/media\/23196"}],"wp:attachment":[{"href":"https:\/\/dynatime.ch\/de\/wp-json\/wp\/v2\/media?parent=22634"}],"wp:term":[{"taxonomy":"product_brand","embeddable":true,"href":"https:\/\/dynatime.ch\/de\/wp-json\/wp\/v2\/product_brand?post=22634"},{"taxonomy":"product_cat","embeddable":true,"href":"https:\/\/dynatime.ch\/de\/wp-json\/wp\/v2\/product_cat?post=22634"},{"taxonomy":"product_tag","embeddable":true,"href":"https:\/\/dynatime.ch\/de\/wp-json\/wp\/v2\/product_tag?post=22634"}],"curies":[{"name":"wp","href":"https:\/\/api.w.org\/{rel}","templated":true}]}}