{"id":22633,"date":"2025-01-21T18:20:17","date_gmt":"2025-01-21T17:20:17","guid":{"rendered":"https:\/\/dynatime.ch\/?post_type=product&#038;p=22633"},"modified":"2025-03-08T16:35:02","modified_gmt":"2025-03-08T15:35:02","slug":"te-1090","status":"publish","type":"product","link":"https:\/\/dynatime.ch\/de\/produkt\/te-1090\/","title":{"rendered":"TE 1090"},"content":{"rendered":"<p>Messen und simulieren Sie die Temperatur- und mV-Charakteristika von J, K, T, R, S, B, N und E Thermoelementen.<\/p>\n<p>Bis zu 10 Werte k\u00f6nnen in dem nichtfl\u00fcchtigen Speicher des Ger\u00e4ts abgelegt und jederzeit wieder aufgerufen werden. Der Benutzer kann sie auch manuell mithilfe der Step-Taste der Reihe nach durchlaufen. Kontinuierliches Steppen (Auto-Step) ist ebenfalls in einer beliebigen, vom Benutzer w\u00e4hlbaren Rate zwischen 1 und 10 Sekunden\/Step m\u00f6glich.<\/p>\n<p>Die Stromversorgung erfolgt \u00fcber eine interne, wiederaufladbare Hochleistungs-Metallhydridbatterie, die \u00fcber ein externes Ladeger\u00e4t (im Lieferumfang enthalten) aufgeladen werden kann. Eine automatische Abschaltfunktion hilft bei der Erhaltung der Batterielebensdauer, indem sie das Ger\u00e4t abschaltet, wenn es f\u00fcr mehr als 5 Minuten inaktiv ist. Diese Funktion kann bei Bedarf deaktiviert werden. Das Ger\u00e4t wird in einem robusten Geh\u00e4use mit einem Trageriemen geliefert. Eine Tasche f\u00fcr das Anleitungshandbuch ist vorhanden.<\/p>","protected":false},"excerpt":{"rendered":"<p>Der 1090 ist ein tragbarer Hochleistungs-Prozesskalibrator, der Quellen- und Messfunktionen f\u00fcr Thermoelemente, PT100s, \u00b5V, mV und mA vereint. Als Multifunktionsger\u00e4t vereint der 1090 Genauigkeit und Haltbarkeit mit einfacher Bedienung und eignet sich daher ideal f\u00fcr Anwendungen in Prozessanlagen.<\/p>","protected":false},"featured_media":23173,"comment_status":"closed","ping_status":"closed","template":"","meta":{"_acf_changed":false},"product_brand":[],"product_cat":[71,69],"product_tag":[],"class_list":{"0":"post-22633","1":"product","2":"type-product","3":"status-publish","4":"has-post-thumbnail","6":"product_cat-calibrateurs","7":"product_cat-calibration","9":"first","10":"instock","11":"shipping-taxable","12":"product-type-simple"},"acf":[],"_links":{"self":[{"href":"https:\/\/dynatime.ch\/de\/wp-json\/wp\/v2\/product\/22633","targetHints":{"allow":["GET"]}}],"collection":[{"href":"https:\/\/dynatime.ch\/de\/wp-json\/wp\/v2\/product"}],"about":[{"href":"https:\/\/dynatime.ch\/de\/wp-json\/wp\/v2\/types\/product"}],"replies":[{"embeddable":true,"href":"https:\/\/dynatime.ch\/de\/wp-json\/wp\/v2\/comments?post=22633"}],"wp:featuredmedia":[{"embeddable":true,"href":"https:\/\/dynatime.ch\/de\/wp-json\/wp\/v2\/media\/23173"}],"wp:attachment":[{"href":"https:\/\/dynatime.ch\/de\/wp-json\/wp\/v2\/media?parent=22633"}],"wp:term":[{"taxonomy":"product_brand","embeddable":true,"href":"https:\/\/dynatime.ch\/de\/wp-json\/wp\/v2\/product_brand?post=22633"},{"taxonomy":"product_cat","embeddable":true,"href":"https:\/\/dynatime.ch\/de\/wp-json\/wp\/v2\/product_cat?post=22633"},{"taxonomy":"product_tag","embeddable":true,"href":"https:\/\/dynatime.ch\/de\/wp-json\/wp\/v2\/product_tag?post=22633"}],"curies":[{"name":"wp","href":"https:\/\/api.w.org\/{rel}","templated":true}]}}