{"id":22631,"date":"2025-01-21T18:20:17","date_gmt":"2025-01-21T17:20:17","guid":{"rendered":"https:\/\/dynatime.ch\/?post_type=product&#038;p=22631"},"modified":"2025-03-08T16:33:18","modified_gmt":"2025-03-08T15:33:18","slug":"te-1049","status":"publish","type":"product","link":"https:\/\/dynatime.ch\/de\/produkt\/te-1049\/","title":{"rendered":"TE 1049"},"content":{"rendered":"<p>Er folgt der PT100-Skala von -200\u00b0C bis +800\u00b0C mit 23 Einstellpunkten. Durchgehend werden Hochleistungs-Metallfilmwiderst\u00e4nde verwendet, die einen guten Temperaturkoeffizienten und Langzeitstabilit\u00e4t gew\u00e4hrleisten.<\/p>\n<p>Die Spezifikation ist in \u00dcbereinstimmung mit DIN EN 60751 (ITS 90). Er bietet eine hohe Genauigkeit \u00fcber den gesamten Betriebsbereich von PT100-Ger\u00e4ten und \u00fcbertrifft die Leistung der Klassen A und B. Die 1049 ist vor allem f\u00fcr Anwender von Interesse, die im Bereich von -60 bis +60\u00b0C arbeiten und eine Leistung ben\u00f6tigen, die \u00fcber die Klasse A hinausgeht (z.B. besser als +\/- 0,15\u00b0C bei 0\u00b0C).<\/p>\n<p>Da der Ausgang des 1049 ein rein passiver Widerstand ist, funktioniert er mit allen Arten von PT100-Messger\u00e4ten, einschlie\u00dflich Live-Systemen, die mit pulsierendem oder unterbrochenem Erregerstrom arbeiten. Durch die Taschengr\u00f6\u00dfe (112 x 61 x 55 mm) ist das Ger\u00e4t leicht tragbar und ideal f\u00fcr den Einsatz im Labor oder im Feld. Das Ger\u00e4t wird standardm\u00e4\u00dfig mit einem Tragekoffer ausgeliefert.<\/p>","protected":false},"excerpt":{"rendered":"<p>Der 1049 ist ein handgehaltener Pr\u00e4zisionssimulator f\u00fcr PT100 0,3850 Platin-Widerstandselemente, die zur genauen Temperaturmessung verwendet werden.<\/p>","protected":false},"featured_media":23192,"comment_status":"closed","ping_status":"closed","template":"","meta":{"_acf_changed":false},"product_brand":[],"product_cat":[69,70],"product_tag":[],"class_list":{"0":"post-22631","1":"product","2":"type-product","3":"status-publish","4":"has-post-thumbnail","6":"product_cat-calibration","7":"product_cat-simulateurs-de-signaux","9":"first","10":"instock","11":"shipping-taxable","12":"product-type-simple"},"acf":[],"_links":{"self":[{"href":"https:\/\/dynatime.ch\/de\/wp-json\/wp\/v2\/product\/22631","targetHints":{"allow":["GET"]}}],"collection":[{"href":"https:\/\/dynatime.ch\/de\/wp-json\/wp\/v2\/product"}],"about":[{"href":"https:\/\/dynatime.ch\/de\/wp-json\/wp\/v2\/types\/product"}],"replies":[{"embeddable":true,"href":"https:\/\/dynatime.ch\/de\/wp-json\/wp\/v2\/comments?post=22631"}],"wp:featuredmedia":[{"embeddable":true,"href":"https:\/\/dynatime.ch\/de\/wp-json\/wp\/v2\/media\/23192"}],"wp:attachment":[{"href":"https:\/\/dynatime.ch\/de\/wp-json\/wp\/v2\/media?parent=22631"}],"wp:term":[{"taxonomy":"product_brand","embeddable":true,"href":"https:\/\/dynatime.ch\/de\/wp-json\/wp\/v2\/product_brand?post=22631"},{"taxonomy":"product_cat","embeddable":true,"href":"https:\/\/dynatime.ch\/de\/wp-json\/wp\/v2\/product_cat?post=22631"},{"taxonomy":"product_tag","embeddable":true,"href":"https:\/\/dynatime.ch\/de\/wp-json\/wp\/v2\/product_tag?post=22631"}],"curies":[{"name":"wp","href":"https:\/\/api.w.org\/{rel}","templated":true}]}}