{"id":22589,"date":"2025-01-21T18:19:54","date_gmt":"2025-01-21T17:19:54","guid":{"rendered":"https:\/\/dynatime.ch\/?post_type=product&#038;p=22589"},"modified":"2025-01-21T18:20:19","modified_gmt":"2025-01-21T17:20:19","slug":"compact-m6x1-ntc-probe-with-integrated-cable","status":"publish","type":"product","link":"https:\/\/dynatime.ch\/de\/produkt\/compact-m6x1-ntc-probe-with-integrated-cable\/","title":{"rendered":"Compact M6X1 NTC-Probe mit integriertem Kabel"},"content":{"rendered":"<p>Kompakter NTC 3.3K F\u00fchler mit integriertem Kabel<\/p>\n<ul>\n<li>Sensing element NTC 3300 Ohm \u00b1 2.5% @ 100\u00b0C \u00df = (0\/100) 3970<\/li>\n<li>Thermowell AISI 316L mit Gewindeanschluss M6x1<\/li>\n<li>Unipolare Kabel und UL-Heat-Shrinking-Sheath-Beschichtung<\/li>\n<li>Connector termination Molex Mini-FIT 39-01-3023<\/li>\n<\/ul>","protected":false},"excerpt":{"rendered":"<p><strong>NTC<\/strong>\u00a0Boilerf\u00fchler mit M6-Gewinde und \u00fcbergossenem Kabel\u00fcbergang<\/p>","protected":false},"featured_media":22643,"comment_status":"closed","ping_status":"closed","template":"","meta":{"_acf_changed":false},"product_brand":[],"product_cat":[65,58,64],"product_tag":[],"class_list":{"0":"post-22589","1":"product","2":"type-product","3":"status-publish","4":"has-post-thumbnail","6":"product_cat-boiler-probes","7":"product_cat-capteurs-de-temperature","8":"product_cat-solution-cafe","10":"first","11":"instock","12":"shipping-taxable","13":"product-type-simple"},"acf":[],"_links":{"self":[{"href":"https:\/\/dynatime.ch\/de\/wp-json\/wp\/v2\/product\/22589","targetHints":{"allow":["GET"]}}],"collection":[{"href":"https:\/\/dynatime.ch\/de\/wp-json\/wp\/v2\/product"}],"about":[{"href":"https:\/\/dynatime.ch\/de\/wp-json\/wp\/v2\/types\/product"}],"replies":[{"embeddable":true,"href":"https:\/\/dynatime.ch\/de\/wp-json\/wp\/v2\/comments?post=22589"}],"wp:featuredmedia":[{"embeddable":true,"href":"https:\/\/dynatime.ch\/de\/wp-json\/wp\/v2\/media\/22643"}],"wp:attachment":[{"href":"https:\/\/dynatime.ch\/de\/wp-json\/wp\/v2\/media?parent=22589"}],"wp:term":[{"taxonomy":"product_brand","embeddable":true,"href":"https:\/\/dynatime.ch\/de\/wp-json\/wp\/v2\/product_brand?post=22589"},{"taxonomy":"product_cat","embeddable":true,"href":"https:\/\/dynatime.ch\/de\/wp-json\/wp\/v2\/product_cat?post=22589"},{"taxonomy":"product_tag","embeddable":true,"href":"https:\/\/dynatime.ch\/de\/wp-json\/wp\/v2\/product_tag?post=22589"}],"curies":[{"name":"wp","href":"https:\/\/api.w.org\/{rel}","templated":true}]}}