{"id":22588,"date":"2025-01-21T18:19:54","date_gmt":"2025-01-21T17:19:54","guid":{"rendered":"https:\/\/dynatime.ch\/?post_type=product&#038;p=22588"},"modified":"2025-01-21T18:20:19","modified_gmt":"2025-01-21T17:20:19","slug":"compact-pt1000-rtd-probe-with-m10x125-threading-and-integrated-cable","status":"publish","type":"product","link":"https:\/\/dynatime.ch\/de\/produkt\/compact-pt1000-rtd-probe-with-m10x125-threading-and-integrated-cable\/","title":{"rendered":"Compact Pt1000 RTD-Probe mit M10x1,25-Gewinde und integriertem Kabel"},"content":{"rendered":"<p>RTD-Probe mit integriertem Kabel<\/p>\n<ul>\n<li>RTD-Sonde Pt 1000 in Kl. A<\/li>\n<li>Thermowell AISI 316L Gewinde M10x1,25<\/li>\n<li>FEP\/SILICONE RUBBER Cable<\/li>\n<li>Kontakt Termination Mate-N-Lock 350561-1 mit Geh\u00e4use 1-350867-0<\/li>\n<\/ul>","protected":false},"excerpt":{"rendered":"<p><strong>PT1000<\/strong>\u00a0Boilerf\u00fchler mit M10 Gewinde und \u00fcbergossenem Kabel\u00fcbergang<\/p>","protected":false},"featured_media":22642,"comment_status":"closed","ping_status":"closed","template":"","meta":{"_acf_changed":false},"product_brand":[],"product_cat":[65,58,64],"product_tag":[],"class_list":{"0":"post-22588","1":"product","2":"type-product","3":"status-publish","4":"has-post-thumbnail","6":"product_cat-boiler-probes","7":"product_cat-capteurs-de-temperature","8":"product_cat-solution-cafe","10":"first","11":"instock","12":"shipping-taxable","13":"product-type-simple"},"acf":[],"_links":{"self":[{"href":"https:\/\/dynatime.ch\/de\/wp-json\/wp\/v2\/product\/22588","targetHints":{"allow":["GET"]}}],"collection":[{"href":"https:\/\/dynatime.ch\/de\/wp-json\/wp\/v2\/product"}],"about":[{"href":"https:\/\/dynatime.ch\/de\/wp-json\/wp\/v2\/types\/product"}],"replies":[{"embeddable":true,"href":"https:\/\/dynatime.ch\/de\/wp-json\/wp\/v2\/comments?post=22588"}],"wp:featuredmedia":[{"embeddable":true,"href":"https:\/\/dynatime.ch\/de\/wp-json\/wp\/v2\/media\/22642"}],"wp:attachment":[{"href":"https:\/\/dynatime.ch\/de\/wp-json\/wp\/v2\/media?parent=22588"}],"wp:term":[{"taxonomy":"product_brand","embeddable":true,"href":"https:\/\/dynatime.ch\/de\/wp-json\/wp\/v2\/product_brand?post=22588"},{"taxonomy":"product_cat","embeddable":true,"href":"https:\/\/dynatime.ch\/de\/wp-json\/wp\/v2\/product_cat?post=22588"},{"taxonomy":"product_tag","embeddable":true,"href":"https:\/\/dynatime.ch\/de\/wp-json\/wp\/v2\/product_tag?post=22588"}],"curies":[{"name":"wp","href":"https:\/\/api.w.org\/{rel}","templated":true}]}}