{"id":22587,"date":"2025-01-21T18:19:53","date_gmt":"2025-01-21T17:19:53","guid":{"rendered":"https:\/\/dynatime.ch\/?post_type=product&#038;p=22587"},"modified":"2025-01-21T18:20:14","modified_gmt":"2025-01-21T17:20:14","slug":"evominix-f","status":"publish","type":"product","link":"https:\/\/dynatime.ch\/de\/produkt\/evominix-f\/","title":{"rendered":"EvominiX F"},"content":{"rendered":"<p>4\u00f720mA programmierbarer Temperaturtransmitter mit Metallgeh\u00e4use und \u00d86mm Stem, der auf 4,4mm abgeflacht ist.<\/p>\n<p>PC-konfigurierbarer Temperaturtransmitter mit integrierter Sonde in einem einzigen Ger\u00e4t aus Edelstahl. Verschiedene Arten von Prozessanschl\u00fcssen k\u00f6nnen auf das System gel\u00f6tet werden. Es kommt in einem metallischen IP67-Geh\u00e4use mit M12-Ausgangsanschluss. Es eignet sich besonders f\u00fcr die Lebensmittel-, Chemie- und Pharmaindustrie.<\/p>","protected":false},"excerpt":{"rendered":"<p>PT100 F\u00fchlerbaugruppe mit integriertem 4-20mA Transmitter, Metallgeh\u00e4use<strong><br \/>\n<\/strong><\/p>","protected":false},"featured_media":22614,"comment_status":"closed","ping_status":"closed","template":"","meta":{"_acf_changed":false},"product_brand":[],"product_cat":[58,63],"product_tag":[],"class_list":{"0":"post-22587","1":"product","2":"type-product","3":"status-publish","4":"has-post-thumbnail","6":"product_cat-capteurs-de-temperature","7":"product_cat-transmetteurs-de-temperature","9":"first","10":"instock","11":"shipping-taxable","12":"product-type-simple"},"acf":[],"_links":{"self":[{"href":"https:\/\/dynatime.ch\/de\/wp-json\/wp\/v2\/product\/22587","targetHints":{"allow":["GET"]}}],"collection":[{"href":"https:\/\/dynatime.ch\/de\/wp-json\/wp\/v2\/product"}],"about":[{"href":"https:\/\/dynatime.ch\/de\/wp-json\/wp\/v2\/types\/product"}],"replies":[{"embeddable":true,"href":"https:\/\/dynatime.ch\/de\/wp-json\/wp\/v2\/comments?post=22587"}],"wp:featuredmedia":[{"embeddable":true,"href":"https:\/\/dynatime.ch\/de\/wp-json\/wp\/v2\/media\/22614"}],"wp:attachment":[{"href":"https:\/\/dynatime.ch\/de\/wp-json\/wp\/v2\/media?parent=22587"}],"wp:term":[{"taxonomy":"product_brand","embeddable":true,"href":"https:\/\/dynatime.ch\/de\/wp-json\/wp\/v2\/product_brand?post=22587"},{"taxonomy":"product_cat","embeddable":true,"href":"https:\/\/dynatime.ch\/de\/wp-json\/wp\/v2\/product_cat?post=22587"},{"taxonomy":"product_tag","embeddable":true,"href":"https:\/\/dynatime.ch\/de\/wp-json\/wp\/v2\/product_tag?post=22587"}],"curies":[{"name":"wp","href":"https:\/\/api.w.org\/{rel}","templated":true}]}}