{"id":22586,"date":"2025-01-21T18:19:53","date_gmt":"2025-01-21T17:19:53","guid":{"rendered":"https:\/\/dynatime.ch\/?post_type=product&#038;p=22586"},"modified":"2025-01-21T18:20:13","modified_gmt":"2025-01-21T17:20:13","slug":"evominix-tm","status":"publish","type":"product","link":"https:\/\/dynatime.ch\/de\/produkt\/evominix-tm\/","title":{"rendered":"EvominiX TM"},"content":{"rendered":"<p>4\u00f720mA programmierbarer kompakter Temperaturtransmitter mit Metallgeh\u00e4use<\/p>\n<p>PC-konfigurierbarer Temperaturtransmitter aus Edelstahl mit integriertem 1\/8\u2033- und 1\/4\u2033-Prozessanschluss. Er kommt in einem metallischen IP67-Geh\u00e4use mit M12-Ausgangsanschluss. Er ist besonders geeignet f\u00fcr Messungen in Fl\u00fcssigkeiten bis 120\u00b0C.<\/p>","protected":false},"excerpt":{"rendered":"<p>PT100-Probe mit Gewinde, integrierter 4-20mA-Transmitter, Metallgeh\u00e4use<\/p>","protected":false},"featured_media":22613,"comment_status":"closed","ping_status":"closed","template":"","meta":{"_acf_changed":false},"product_brand":[],"product_cat":[58,63],"product_tag":[],"class_list":{"0":"post-22586","1":"product","2":"type-product","3":"status-publish","4":"has-post-thumbnail","6":"product_cat-capteurs-de-temperature","7":"product_cat-transmetteurs-de-temperature","9":"first","10":"instock","11":"shipping-taxable","12":"product-type-simple"},"acf":[],"_links":{"self":[{"href":"https:\/\/dynatime.ch\/de\/wp-json\/wp\/v2\/product\/22586","targetHints":{"allow":["GET"]}}],"collection":[{"href":"https:\/\/dynatime.ch\/de\/wp-json\/wp\/v2\/product"}],"about":[{"href":"https:\/\/dynatime.ch\/de\/wp-json\/wp\/v2\/types\/product"}],"replies":[{"embeddable":true,"href":"https:\/\/dynatime.ch\/de\/wp-json\/wp\/v2\/comments?post=22586"}],"wp:featuredmedia":[{"embeddable":true,"href":"https:\/\/dynatime.ch\/de\/wp-json\/wp\/v2\/media\/22613"}],"wp:attachment":[{"href":"https:\/\/dynatime.ch\/de\/wp-json\/wp\/v2\/media?parent=22586"}],"wp:term":[{"taxonomy":"product_brand","embeddable":true,"href":"https:\/\/dynatime.ch\/de\/wp-json\/wp\/v2\/product_brand?post=22586"},{"taxonomy":"product_cat","embeddable":true,"href":"https:\/\/dynatime.ch\/de\/wp-json\/wp\/v2\/product_cat?post=22586"},{"taxonomy":"product_tag","embeddable":true,"href":"https:\/\/dynatime.ch\/de\/wp-json\/wp\/v2\/product_tag?post=22586"}],"curies":[{"name":"wp","href":"https:\/\/api.w.org\/{rel}","templated":true}]}}