{"id":22583,"date":"2025-01-21T18:19:53","date_gmt":"2025-01-21T17:19:53","guid":{"rendered":"https:\/\/dynatime.ch\/?post_type=product&#038;p=22583"},"modified":"2025-01-21T18:20:11","modified_gmt":"2025-01-21T17:20:11","slug":"evominix-i-2","status":"publish","type":"product","link":"https:\/\/dynatime.ch\/de\/produkt\/evominix-i-2\/","title":{"rendered":"EvominiX I"},"content":{"rendered":"<p>4\u00f720mA programmierbarer Temperaturtransmitter mit mineralisch isolierter Sonde<\/p>\n<p>PC-konfigurierbarer Temperatur-Transmitter mit mineralisch isoliertem F\u00fchler (MgO). Er kommt in einem gegossenen IP67-Geh\u00e4use mit M12-Ausgangsanschluss. Dieses Ger\u00e4t kann eine zuverl\u00e4ssige Alternative zu gemeinsamen Baugruppen mit Anschlusskopf sein.<\/p>","protected":false},"excerpt":{"rendered":"<p>Mineralisch isolierter PT100, integrierter 4-20mA-Transmitter<\/p>","protected":false},"featured_media":22604,"comment_status":"closed","ping_status":"closed","template":"","meta":{"_acf_changed":false},"product_brand":[],"product_cat":[58,63],"product_tag":[],"class_list":{"0":"post-22583","1":"product","2":"type-product","3":"status-publish","4":"has-post-thumbnail","6":"product_cat-capteurs-de-temperature","7":"product_cat-transmetteurs-de-temperature","9":"first","10":"instock","11":"shipping-taxable","12":"product-type-simple"},"acf":[],"_links":{"self":[{"href":"https:\/\/dynatime.ch\/de\/wp-json\/wp\/v2\/product\/22583","targetHints":{"allow":["GET"]}}],"collection":[{"href":"https:\/\/dynatime.ch\/de\/wp-json\/wp\/v2\/product"}],"about":[{"href":"https:\/\/dynatime.ch\/de\/wp-json\/wp\/v2\/types\/product"}],"replies":[{"embeddable":true,"href":"https:\/\/dynatime.ch\/de\/wp-json\/wp\/v2\/comments?post=22583"}],"wp:featuredmedia":[{"embeddable":true,"href":"https:\/\/dynatime.ch\/de\/wp-json\/wp\/v2\/media\/22604"}],"wp:attachment":[{"href":"https:\/\/dynatime.ch\/de\/wp-json\/wp\/v2\/media?parent=22583"}],"wp:term":[{"taxonomy":"product_brand","embeddable":true,"href":"https:\/\/dynatime.ch\/de\/wp-json\/wp\/v2\/product_brand?post=22583"},{"taxonomy":"product_cat","embeddable":true,"href":"https:\/\/dynatime.ch\/de\/wp-json\/wp\/v2\/product_cat?post=22583"},{"taxonomy":"product_tag","embeddable":true,"href":"https:\/\/dynatime.ch\/de\/wp-json\/wp\/v2\/product_tag?post=22583"}],"curies":[{"name":"wp","href":"https:\/\/api.w.org\/{rel}","templated":true}]}}