{"id":22572,"date":"2025-01-21T18:19:32","date_gmt":"2025-01-21T17:19:32","guid":{"rendered":"https:\/\/dynatime.ch\/?post_type=product&#038;p=22572"},"modified":"2025-01-21T18:20:11","modified_gmt":"2025-01-21T17:20:11","slug":"evominix-c","status":"publish","type":"product","link":"https:\/\/dynatime.ch\/de\/produkt\/evominix-c\/","title":{"rendered":"EvominiX C"},"content":{"rendered":"<p>4\u00f720mA programmierbarer Temperatursignalwandler<\/p>\n<p>PC-konfigurierbarer Signalwandler f\u00fcr Pt100- und Pt1000-Proben. Die integrierten Anschl\u00fcsse erm\u00f6glichen die direkte Montage des Senders auf dem Sensor. Er ist in einem IP67-gesch\u00fctzten Geh\u00e4use mit M12-Anschl\u00fcssen an beiden Enden untergebracht. Er ist kompatibel mit der Italcoppie TRM- und TRC-Probenserie.<\/p>","protected":false},"excerpt":{"rendered":"<p>RTD-Konverter f\u00fcr PT100, PT1000 4-20mA<\/p>","protected":false},"featured_media":22609,"comment_status":"closed","ping_status":"closed","template":"","meta":{"_acf_changed":false},"product_brand":[],"product_cat":[58,63],"product_tag":[],"class_list":{"0":"post-22572","1":"product","2":"type-product","3":"status-publish","4":"has-post-thumbnail","6":"product_cat-capteurs-de-temperature","7":"product_cat-transmetteurs-de-temperature","9":"first","10":"instock","11":"shipping-taxable","12":"product-type-simple"},"acf":[],"_links":{"self":[{"href":"https:\/\/dynatime.ch\/de\/wp-json\/wp\/v2\/product\/22572","targetHints":{"allow":["GET"]}}],"collection":[{"href":"https:\/\/dynatime.ch\/de\/wp-json\/wp\/v2\/product"}],"about":[{"href":"https:\/\/dynatime.ch\/de\/wp-json\/wp\/v2\/types\/product"}],"replies":[{"embeddable":true,"href":"https:\/\/dynatime.ch\/de\/wp-json\/wp\/v2\/comments?post=22572"}],"wp:featuredmedia":[{"embeddable":true,"href":"https:\/\/dynatime.ch\/de\/wp-json\/wp\/v2\/media\/22609"}],"wp:attachment":[{"href":"https:\/\/dynatime.ch\/de\/wp-json\/wp\/v2\/media?parent=22572"}],"wp:term":[{"taxonomy":"product_brand","embeddable":true,"href":"https:\/\/dynatime.ch\/de\/wp-json\/wp\/v2\/product_brand?post=22572"},{"taxonomy":"product_cat","embeddable":true,"href":"https:\/\/dynatime.ch\/de\/wp-json\/wp\/v2\/product_cat?post=22572"},{"taxonomy":"product_tag","embeddable":true,"href":"https:\/\/dynatime.ch\/de\/wp-json\/wp\/v2\/product_tag?post=22572"}],"curies":[{"name":"wp","href":"https:\/\/api.w.org\/{rel}","templated":true}]}}