{"id":22570,"date":"2025-01-21T18:19:32","date_gmt":"2025-01-21T17:19:32","guid":{"rendered":"https:\/\/dynatime.ch\/?post_type=product&#038;p=22570"},"modified":"2025-01-21T18:20:10","modified_gmt":"2025-01-21T17:20:10","slug":"thermocouple-with-compensated-m8x1-connector","status":"publish","type":"product","link":"https:\/\/dynatime.ch\/de\/produkt\/thermocouple-with-compensated-m8x1-connector\/","title":{"rendered":"Thermoelement mit kompensiertem M8X1-Stecker"},"content":{"rendered":"<p>Mineralisch isoliertes Thermoelement (M.I.C.), das dank des kleinen Anschlusses die Ausf\u00fchrungen mit \u00dcbergang ersetzen kann.<\/p>\n<p>Kompensierter, gegossener Steckverbinder (IP-67). Diese Ausf\u00fchrung verbindet die Vorteile des Steckers mit denen einer gekapselten Kaltverbindung (geringe Gr\u00f6\u00dfe und Eignung f\u00fcr schwere Umweltbedingungen).<\/p>","protected":false},"excerpt":{"rendered":"<p>Mineralisch isoliertes Thermoelement, \u00fcbergossener M8-Anschluss<\/p>","protected":false},"featured_media":22607,"comment_status":"closed","ping_status":"closed","template":"","meta":{"_acf_changed":false},"product_brand":[],"product_cat":[58,62,59],"product_tag":[],"class_list":{"0":"post-22570","1":"product","2":"type-product","3":"status-publish","4":"has-post-thumbnail","6":"product_cat-capteurs-de-temperature","7":"product_cat-mineral-insulated-probes","8":"product_cat-sondes-de-temperature","10":"first","11":"instock","12":"shipping-taxable","13":"product-type-simple"},"acf":[],"_links":{"self":[{"href":"https:\/\/dynatime.ch\/de\/wp-json\/wp\/v2\/product\/22570","targetHints":{"allow":["GET"]}}],"collection":[{"href":"https:\/\/dynatime.ch\/de\/wp-json\/wp\/v2\/product"}],"about":[{"href":"https:\/\/dynatime.ch\/de\/wp-json\/wp\/v2\/types\/product"}],"replies":[{"embeddable":true,"href":"https:\/\/dynatime.ch\/de\/wp-json\/wp\/v2\/comments?post=22570"}],"wp:featuredmedia":[{"embeddable":true,"href":"https:\/\/dynatime.ch\/de\/wp-json\/wp\/v2\/media\/22607"}],"wp:attachment":[{"href":"https:\/\/dynatime.ch\/de\/wp-json\/wp\/v2\/media?parent=22570"}],"wp:term":[{"taxonomy":"product_brand","embeddable":true,"href":"https:\/\/dynatime.ch\/de\/wp-json\/wp\/v2\/product_brand?post=22570"},{"taxonomy":"product_cat","embeddable":true,"href":"https:\/\/dynatime.ch\/de\/wp-json\/wp\/v2\/product_cat?post=22570"},{"taxonomy":"product_tag","embeddable":true,"href":"https:\/\/dynatime.ch\/de\/wp-json\/wp\/v2\/product_tag?post=22570"}],"curies":[{"name":"wp","href":"https:\/\/api.w.org\/{rel}","templated":true}]}}