{"id":22537,"date":"2025-01-21T18:18:46","date_gmt":"2025-01-21T17:18:46","guid":{"rendered":"https:\/\/dynatime.ch\/?post_type=product&#038;p=22537"},"modified":"2025-03-08T09:00:32","modified_gmt":"2025-03-08T08:00:32","slug":"12-1-td860","status":"publish","type":"product","link":"https:\/\/dynatime.ch\/de\/produkt\/12-1-td860\/","title":{"rendered":"12.1 \" - TD860"},"content":{"rendered":"<p>Erweiterte Konnektivit\u00e4t mit Dual-Ethernet und Mini-PCI<br \/>\nErh\u00f6hte W\u00e4rmeableitung durch Aluminiumgeh\u00e4use<br \/>\nExtrem kompakte Tiefe - nur 29 mm!<\/p>","protected":false},"excerpt":{"rendered":"<p>Panel PC<\/p>","protected":false},"featured_media":23150,"comment_status":"closed","ping_status":"closed","template":"","meta":{"_acf_changed":false},"product_brand":[],"product_cat":[51,56],"product_tag":[],"class_list":{"0":"post-22537","1":"product","2":"type-product","3":"status-publish","4":"has-post-thumbnail","6":"product_cat-automation","7":"product_cat-pc-industriels","9":"first","10":"instock","11":"shipping-taxable","12":"product-type-simple"},"acf":[],"_links":{"self":[{"href":"https:\/\/dynatime.ch\/de\/wp-json\/wp\/v2\/product\/22537","targetHints":{"allow":["GET"]}}],"collection":[{"href":"https:\/\/dynatime.ch\/de\/wp-json\/wp\/v2\/product"}],"about":[{"href":"https:\/\/dynatime.ch\/de\/wp-json\/wp\/v2\/types\/product"}],"replies":[{"embeddable":true,"href":"https:\/\/dynatime.ch\/de\/wp-json\/wp\/v2\/comments?post=22537"}],"wp:featuredmedia":[{"embeddable":true,"href":"https:\/\/dynatime.ch\/de\/wp-json\/wp\/v2\/media\/23150"}],"wp:attachment":[{"href":"https:\/\/dynatime.ch\/de\/wp-json\/wp\/v2\/media?parent=22537"}],"wp:term":[{"taxonomy":"product_brand","embeddable":true,"href":"https:\/\/dynatime.ch\/de\/wp-json\/wp\/v2\/product_brand?post=22537"},{"taxonomy":"product_cat","embeddable":true,"href":"https:\/\/dynatime.ch\/de\/wp-json\/wp\/v2\/product_cat?post=22537"},{"taxonomy":"product_tag","embeddable":true,"href":"https:\/\/dynatime.ch\/de\/wp-json\/wp\/v2\/product_tag?post=22537"}],"curies":[{"name":"wp","href":"https:\/\/api.w.org\/{rel}","templated":true}]}}