{"id":22531,"date":"2025-01-21T18:18:46","date_gmt":"2025-01-21T17:18:46","guid":{"rendered":"https:\/\/dynatime.ch\/?post_type=product&#038;p=22531"},"modified":"2025-03-08T08:49:45","modified_gmt":"2025-03-08T07:49:45","slug":"systeme-dacquisition-de-donnees-et-dautomatisation","status":"publish","type":"product","link":"https:\/\/dynatime.ch\/de\/produkt\/systeme-dacquisition-de-donnees-et-dautomatisation\/","title":{"rendered":"Datenerfassungs- und Automatisierungssystem"},"content":{"rendered":"<p><img decoding=\"async\" class=\"alignnone wp-image-30795\" src=\"https:\/\/dynatimesa.ch\/wp-content\/uploads\/2020\/03\/logo_SENECA.jpg\" alt=\"\" width=\"221\" height=\"76\" \/><\/p>\n<p>IEC 61131 und f\u00fcr Energy Management IEC 60870-5-101, IEC 60870-5-104, IEC 61850 Prozesssteuerungen und Durchflussrechner.<\/p>\n<p>Die I\/O-Systeme von SENECA sind modulare, offene Automatisierungsplattformen f\u00fcr das individuelle Signalmanagement bis hin zu Tausenden von I\/Os. Sie umfassen die gr\u00f6\u00dfte Vielfalt an I\/O-Modulen: Digitale Eing\u00e4nge, schnelle Z\u00e4hler, digitale Relais- und Mosfet-Ausg\u00e4nge, analoge Kan\u00e4le (mA, V, Ohm, mV), Dehnungsmessstreifen, Thermowiderst\u00e4nde, Thermoelemente, Stromnetzmessungen. Die SENECA-Systeme sind so konzipiert, dass sie Systemintegratoren, Design- und Konstruktionsstudien, Ger\u00e4tehersteller, Elektroinstallateure und qualifizierte Installateure f\u00f6rdern.<\/p>","protected":false},"excerpt":{"rendered":"<p>SENECAs Produktlinie f\u00fcr Datenerfassung und Automatisierung umfasst ModBUS I\/O-Systeme, CANopen, Ethernet, HMI mit Led- und Oled-Technologie, Logik-Controller<\/p>","protected":false},"featured_media":23140,"comment_status":"closed","ping_status":"closed","template":"","meta":{"_acf_changed":false},"product_brand":[],"product_cat":[51,55],"product_tag":[],"class_list":{"0":"post-22531","1":"product","2":"type-product","3":"status-publish","4":"has-post-thumbnail","6":"product_cat-automation","7":"product_cat-convertisseurs-de-signaux","9":"first","10":"instock","11":"shipping-taxable","12":"product-type-simple"},"acf":[],"_links":{"self":[{"href":"https:\/\/dynatime.ch\/de\/wp-json\/wp\/v2\/product\/22531","targetHints":{"allow":["GET"]}}],"collection":[{"href":"https:\/\/dynatime.ch\/de\/wp-json\/wp\/v2\/product"}],"about":[{"href":"https:\/\/dynatime.ch\/de\/wp-json\/wp\/v2\/types\/product"}],"replies":[{"embeddable":true,"href":"https:\/\/dynatime.ch\/de\/wp-json\/wp\/v2\/comments?post=22531"}],"wp:featuredmedia":[{"embeddable":true,"href":"https:\/\/dynatime.ch\/de\/wp-json\/wp\/v2\/media\/23140"}],"wp:attachment":[{"href":"https:\/\/dynatime.ch\/de\/wp-json\/wp\/v2\/media?parent=22531"}],"wp:term":[{"taxonomy":"product_brand","embeddable":true,"href":"https:\/\/dynatime.ch\/de\/wp-json\/wp\/v2\/product_brand?post=22531"},{"taxonomy":"product_cat","embeddable":true,"href":"https:\/\/dynatime.ch\/de\/wp-json\/wp\/v2\/product_cat?post=22531"},{"taxonomy":"product_tag","embeddable":true,"href":"https:\/\/dynatime.ch\/de\/wp-json\/wp\/v2\/product_tag?post=22531"}],"curies":[{"name":"wp","href":"https:\/\/api.w.org\/{rel}","templated":true}]}}