{"id":22530,"date":"2025-01-21T18:18:46","date_gmt":"2025-01-21T17:18:46","guid":{"rendered":"https:\/\/dynatime.ch\/?post_type=product&#038;p=22530"},"modified":"2025-01-21T18:19:31","modified_gmt":"2025-01-21T17:19:31","slug":"atr313","status":"publish","type":"product","link":"https:\/\/dynatime.ch\/de\/produkt\/atr313\/","title":{"rendered":"ATR313"},"content":{"rendered":"<p>LCD 251x146mm, Multi-Loop-Grafikterminal Integriert durch eine variable Anzahl von Pixsys PL300 Erfassungs-\/Aktualisierungsmodulen bildet es ein vollst\u00e4ndiges und flexibles Steuersystem f\u00fcr die Verwaltung von W\u00e4rmeprozessen in industriellen Kilns, Trocknern und Umweltkontrollkammern. Bis zu 5 x PL300-Module erm\u00f6glichen die Steuerung von bis zu 20 Prozessen, die an zwei Sollwerte gekoppelt werden k\u00f6nnen, die f\u00fcr Temperatur\/Druck\/Feuchtigkeit\/Sauerstoff-Prozentwerte konfiguriert werden k\u00f6nnen.<\/p>","protected":false},"excerpt":{"rendered":"<p>Graphic terminal<br \/>\nProcess Controller 20 Zyklen\/30 Schritte<\/p>","protected":false},"featured_media":22567,"comment_status":"closed","ping_status":"closed","template":"","meta":{"_acf_changed":false},"product_brand":[],"product_cat":[51,54],"product_tag":[],"class_list":{"0":"post-22530","1":"product","2":"type-product","3":"status-publish","4":"has-post-thumbnail","6":"product_cat-automation","7":"product_cat-regulateurs-programmateurs","9":"first","10":"instock","11":"shipping-taxable","12":"product-type-simple"},"acf":[],"_links":{"self":[{"href":"https:\/\/dynatime.ch\/de\/wp-json\/wp\/v2\/product\/22530","targetHints":{"allow":["GET"]}}],"collection":[{"href":"https:\/\/dynatime.ch\/de\/wp-json\/wp\/v2\/product"}],"about":[{"href":"https:\/\/dynatime.ch\/de\/wp-json\/wp\/v2\/types\/product"}],"replies":[{"embeddable":true,"href":"https:\/\/dynatime.ch\/de\/wp-json\/wp\/v2\/comments?post=22530"}],"wp:featuredmedia":[{"embeddable":true,"href":"https:\/\/dynatime.ch\/de\/wp-json\/wp\/v2\/media\/22567"}],"wp:attachment":[{"href":"https:\/\/dynatime.ch\/de\/wp-json\/wp\/v2\/media?parent=22530"}],"wp:term":[{"taxonomy":"product_brand","embeddable":true,"href":"https:\/\/dynatime.ch\/de\/wp-json\/wp\/v2\/product_brand?post=22530"},{"taxonomy":"product_cat","embeddable":true,"href":"https:\/\/dynatime.ch\/de\/wp-json\/wp\/v2\/product_cat?post=22530"},{"taxonomy":"product_tag","embeddable":true,"href":"https:\/\/dynatime.ch\/de\/wp-json\/wp\/v2\/product_tag?post=22530"}],"curies":[{"name":"wp","href":"https:\/\/api.w.org\/{rel}","templated":true}]}}