{"id":22529,"date":"2025-01-21T18:18:45","date_gmt":"2025-01-21T17:18:45","guid":{"rendered":"https:\/\/dynatime.ch\/?post_type=product&#038;p=22529"},"modified":"2025-01-21T18:19:27","modified_gmt":"2025-01-21T17:19:27","slug":"atr902","status":"publish","type":"product","link":"https:\/\/dynatime.ch\/de\/produkt\/atr902\/","title":{"rendered":"ATR902"},"content":{"rendered":"<p>PDA-Programmierer mit mehrpoligem Anschluss, einzelne Kontrollschleife. Erm\u00f6glicht die Programmierung von 15 Zyklen\/Programmen, die bis zu 18 Schritte\/Segmente liefern k\u00f6nnen, die alle vom Benutzer als raise\/maintain\/lower konfiguriert werden k\u00f6nnen. Programmiermodus und Anzeige des Arbeitszyklus, der auch f\u00fcr unerfahrene Bediener intuitiv und einfach zu bedienen ist. Speziell f\u00fcr die Automatisierung von Hobby- und professionellen Kilns f\u00fcr Keramik-, Glas- oder Laboranwendungen konzipiert, die die Programmierung von Zyklen\/Kurven mit Temperatur in Bezug auf die Zeit erfordern.<\/p>","protected":false},"excerpt":{"rendered":"<p>Programmierbarer PDA-Controller 15 Zyklen \/ 18 Schritte<\/p>","protected":false},"featured_media":22566,"comment_status":"closed","ping_status":"closed","template":"","meta":{"_acf_changed":false},"product_brand":[],"product_cat":[51,54],"product_tag":[],"class_list":{"0":"post-22529","1":"product","2":"type-product","3":"status-publish","4":"has-post-thumbnail","6":"product_cat-automation","7":"product_cat-regulateurs-programmateurs","9":"first","10":"instock","11":"shipping-taxable","12":"product-type-simple"},"acf":[],"_links":{"self":[{"href":"https:\/\/dynatime.ch\/de\/wp-json\/wp\/v2\/product\/22529","targetHints":{"allow":["GET"]}}],"collection":[{"href":"https:\/\/dynatime.ch\/de\/wp-json\/wp\/v2\/product"}],"about":[{"href":"https:\/\/dynatime.ch\/de\/wp-json\/wp\/v2\/types\/product"}],"replies":[{"embeddable":true,"href":"https:\/\/dynatime.ch\/de\/wp-json\/wp\/v2\/comments?post=22529"}],"wp:featuredmedia":[{"embeddable":true,"href":"https:\/\/dynatime.ch\/de\/wp-json\/wp\/v2\/media\/22566"}],"wp:attachment":[{"href":"https:\/\/dynatime.ch\/de\/wp-json\/wp\/v2\/media?parent=22529"}],"wp:term":[{"taxonomy":"product_brand","embeddable":true,"href":"https:\/\/dynatime.ch\/de\/wp-json\/wp\/v2\/product_brand?post=22529"},{"taxonomy":"product_cat","embeddable":true,"href":"https:\/\/dynatime.ch\/de\/wp-json\/wp\/v2\/product_cat?post=22529"},{"taxonomy":"product_tag","embeddable":true,"href":"https:\/\/dynatime.ch\/de\/wp-json\/wp\/v2\/product_tag?post=22529"}],"curies":[{"name":"wp","href":"https:\/\/api.w.org\/{rel}","templated":true}]}}