{"id":22523,"date":"2025-01-21T18:18:45","date_gmt":"2025-01-21T17:18:45","guid":{"rendered":"https:\/\/dynatime.ch\/?post_type=product&#038;p=22523"},"modified":"2025-03-08T08:56:30","modified_gmt":"2025-03-08T07:56:30","slug":"atr444-48-x-96mm","status":"publish","type":"product","link":"https:\/\/dynatime.ch\/de\/produkt\/atr444-48-x-96mm\/","title":{"rendered":"ATR444 - 48 x 96mm"},"content":{"rendered":"<p>Der Prozesscontroller ATR144 ist die neueste Version der Pixsys-Controller in der Gr\u00f6\u00dfe 32x74 mm und integriert die neuesten Standards der blauen Linie, die mit dem ATR244 eingef\u00fchrt wurden. Er zeichnet sich durch ein helles Display aus, das eine optimale Sichtbarkeit in industriellen Umgebungen gew\u00e4hrleistet und mehr Informationen f\u00fcr den Bediener sowie eine Scrolling-Help-Funktion bereitstellt. ATR144 ist \u00fcber NFC mit einer speziellen MyPixsys-App f\u00fcr Android-Ger\u00e4te programmierbar (die gleiche App wird bereits f\u00fcr die neuesten Pixsys-Produktlinien verwendet).<\/p>","protected":false},"excerpt":{"rendered":"<p>PID-Controller 32 x 74mm<br \/>\nProgrammierbar \u00fcber NFC, Steuer- und Alarmfunktionen, analoger\/digitaler Eingang,<br \/>\nMulti-Voltage-Stromversorgung, serielle Kommunikation<\/p>","protected":false},"featured_media":23146,"comment_status":"closed","ping_status":"closed","template":"","meta":{"_acf_changed":false},"product_brand":[],"product_cat":[51,52],"product_tag":[],"class_list":{"0":"post-22523","1":"product","2":"type-product","3":"status-publish","4":"has-post-thumbnail","6":"product_cat-automation","7":"product_cat-regulateurs-de-temperature","9":"first","10":"instock","11":"shipping-taxable","12":"product-type-simple"},"acf":[],"_links":{"self":[{"href":"https:\/\/dynatime.ch\/de\/wp-json\/wp\/v2\/product\/22523","targetHints":{"allow":["GET"]}}],"collection":[{"href":"https:\/\/dynatime.ch\/de\/wp-json\/wp\/v2\/product"}],"about":[{"href":"https:\/\/dynatime.ch\/de\/wp-json\/wp\/v2\/types\/product"}],"replies":[{"embeddable":true,"href":"https:\/\/dynatime.ch\/de\/wp-json\/wp\/v2\/comments?post=22523"}],"wp:featuredmedia":[{"embeddable":true,"href":"https:\/\/dynatime.ch\/de\/wp-json\/wp\/v2\/media\/23146"}],"wp:attachment":[{"href":"https:\/\/dynatime.ch\/de\/wp-json\/wp\/v2\/media?parent=22523"}],"wp:term":[{"taxonomy":"product_brand","embeddable":true,"href":"https:\/\/dynatime.ch\/de\/wp-json\/wp\/v2\/product_brand?post=22523"},{"taxonomy":"product_cat","embeddable":true,"href":"https:\/\/dynatime.ch\/de\/wp-json\/wp\/v2\/product_cat?post=22523"},{"taxonomy":"product_tag","embeddable":true,"href":"https:\/\/dynatime.ch\/de\/wp-json\/wp\/v2\/product_tag?post=22523"}],"curies":[{"name":"wp","href":"https:\/\/api.w.org\/{rel}","templated":true}]}}