{"id":22519,"date":"2025-01-21T18:18:44","date_gmt":"2025-01-21T17:18:44","guid":{"rendered":"https:\/\/dynatime.ch\/?post_type=product&#038;p=22519"},"modified":"2025-03-08T08:56:09","modified_gmt":"2025-03-08T07:56:09","slug":"atr144-32-x-74mm","status":"publish","type":"product","link":"https:\/\/dynatime.ch\/de\/produkt\/atr144-32-x-74mm\/","title":{"rendered":"ATR144 - 32 x 74mm"},"content":{"rendered":"<p>Der Prozesscontroller ATR144 ist die neueste Version des Pixsys-Controllers mit der Gr\u00f6\u00dfe 32x74 mm und integriert die neuesten Standards der blauen Linie, die mit dem ATR244 eingef\u00fchrt wurden. Er zeichnet sich durch ein helles Display aus, das eine optimale Sichtbarkeit in industriellen Umgebungen gew\u00e4hrleistet und mehr Informationen f\u00fcr den Bediener sowie eine Scrolling-Help-Funktion bereitstellt.<\/p>","protected":false},"excerpt":{"rendered":"<p>PID-Controller 32 x 74mm<br \/>\nProgrammierbar \u00fcber NFC, Steuerung und Alarmierung<br \/>\nFunktionen, analoger\/digitaler Eingang, Mehrfachspannungsversorgung, digitaler Eingang, serielle Kommunikation<\/p>","protected":false},"featured_media":23144,"comment_status":"closed","ping_status":"closed","template":"","meta":{"_acf_changed":false},"product_brand":[],"product_cat":[51,52],"product_tag":[],"class_list":{"0":"post-22519","1":"product","2":"type-product","3":"status-publish","4":"has-post-thumbnail","6":"product_cat-automation","7":"product_cat-regulateurs-de-temperature","9":"first","10":"instock","11":"shipping-taxable","12":"product-type-simple"},"acf":[],"_links":{"self":[{"href":"https:\/\/dynatime.ch\/de\/wp-json\/wp\/v2\/product\/22519","targetHints":{"allow":["GET"]}}],"collection":[{"href":"https:\/\/dynatime.ch\/de\/wp-json\/wp\/v2\/product"}],"about":[{"href":"https:\/\/dynatime.ch\/de\/wp-json\/wp\/v2\/types\/product"}],"replies":[{"embeddable":true,"href":"https:\/\/dynatime.ch\/de\/wp-json\/wp\/v2\/comments?post=22519"}],"wp:featuredmedia":[{"embeddable":true,"href":"https:\/\/dynatime.ch\/de\/wp-json\/wp\/v2\/media\/23144"}],"wp:attachment":[{"href":"https:\/\/dynatime.ch\/de\/wp-json\/wp\/v2\/media?parent=22519"}],"wp:term":[{"taxonomy":"product_brand","embeddable":true,"href":"https:\/\/dynatime.ch\/de\/wp-json\/wp\/v2\/product_brand?post=22519"},{"taxonomy":"product_cat","embeddable":true,"href":"https:\/\/dynatime.ch\/de\/wp-json\/wp\/v2\/product_cat?post=22519"},{"taxonomy":"product_tag","embeddable":true,"href":"https:\/\/dynatime.ch\/de\/wp-json\/wp\/v2\/product_tag?post=22519"}],"curies":[{"name":"wp","href":"https:\/\/api.w.org\/{rel}","templated":true}]}}